{"id":3,"date":"2024-11-29T17:02:53","date_gmt":"2024-11-29T17:02:53","guid":{"rendered":"https:\/\/pimmedicalcourier.com\/?page_id=3"},"modified":"2024-12-27T14:31:20","modified_gmt":"2024-12-27T18:31:20","slug":"privacy-policy","status":"publish","type":"page","link":"https:\/\/pimmedicalcourier.com\/es\/privacy-policy\/","title":{"rendered":"Pol\u00edtica de Privacidad"},"content":{"rendered":"<div data-elementor-type=\"wp-page\" data-elementor-id=\"3\" class=\"elementor elementor-3\" data-elementor-settings=\"{&quot;ha_cmc_init_switcher&quot;:&quot;no&quot;}\" data-elementor-post-type=\"page\">\n\t\t\t\t<div class=\"elementor-element elementor-element-586d595 e-con-full e-flex e-con e-parent\" data-id=\"586d595\" data-element_type=\"container\" data-settings=\"{&quot;background_background&quot;:&quot;classic&quot;,&quot;_ha_eqh_enable&quot;:false}\">\n\t\t\t\t<div class=\"elementor-element elementor-element-83431e4 elementor-widget elementor-widget-heading\" data-id=\"83431e4\" data-element_type=\"widget\" data-widget_type=\"heading.default\">\n\t\t\t\t<div class=\"elementor-widget-container\">\n\t\t\t\t\t<h2 class=\"elementor-heading-title elementor-size-default\">POL\u00cdTICA DE PRIVACIDAD<\/h2>\t\t\t\t<\/div>\n\t\t\t\t<\/div>\n\t\t\t\t<\/div>\n\t\t<div class=\"elementor-element elementor-element-4b80004d e-con-full e-flex e-con e-parent\" data-id=\"4b80004d\" data-element_type=\"container\" data-settings=\"{&quot;_ha_eqh_enable&quot;:false}\">\n\t\t\t\t<div class=\"elementor-element elementor-element-150f9247 elementor-widget elementor-widget-text-editor\" data-id=\"150f9247\" data-element_type=\"widget\" data-widget_type=\"text-editor.default\">\n\t\t\t\t<div class=\"elementor-widget-container\">\n\t\t\t\t\t\t\t\t\t<h4><span style=\"color: #000b19;\"><strong>1. Introducci\u00f3n<\/strong><\/span><\/h4><p>En <strong>PIM<\/strong>, nos comprometemos a proteger la privacidad y seguridad de la informaci\u00f3n personal de nuestros clientes. Esta pol\u00edtica de privacidad describe c\u00f3mo recopilamos, utilizamos, compartimos y protegemos su informaci\u00f3n en relaci\u00f3n con los servicios de mensajer\u00eda m\u00e9dica que ofrecemos.<\/p><h4><span style=\"color: #000b19;\"><strong>2. Informaci\u00f3n que recopilamos<\/strong><\/span><\/h4><p>Recopilamos la informaci\u00f3n personal y de contacto necesaria para prestar nuestros servicios de forma eficaz. Esto incluye:<\/p><ul><li><p><strong>Informaci\u00f3n de contacto:<\/strong> nombre, direcci\u00f3n, n\u00famero de tel\u00e9fono, direcci\u00f3n de correo electr\u00f3nico.<\/p><\/li><li><p><strong>Informaci\u00f3n m\u00e9dica relevante:<\/strong> s\u00f3lo cuando sea necesario para el transporte de material m\u00e9dico sensible (como muestras biol\u00f3gicas o medicamentos).<\/p><\/li><li><p><strong>Informaci\u00f3n del dispositivo:<\/strong> como la direcci\u00f3n IP, el tipo de navegador y el sistema operativo cuando accede a nuestro sitio web.<\/p><\/li><li><p><strong>Datos de pago:<\/strong> para procesar las transacciones, con las medidas de seguridad adecuadas.<\/p><\/li><\/ul><h4><span style=\"color: #000b19;\"><strong>3. C\u00f3mo utilizamos su informaci\u00f3n<\/strong><\/span><\/h4><p>Utilizamos su informaci\u00f3n exclusivamente para los siguientes fines:<\/p><ul><li>Prestar servicios de mensajer\u00eda m\u00e9dica seguros y eficaces.<\/li><li>Cumplir los requisitos legales y reglamentarios aplicables.<\/li><li>Para mejorar nuestros servicios y personalizar su experiencia.<\/li><li>Para comunicarnos con usted acerca de actualizaciones, notificaciones de entrega y promociones, seg\u00fan proceda.<\/li><\/ul><h4><span style=\"color: #000b19;\"><strong>4. Intercambio de informaci\u00f3n<\/strong><\/span><\/h4><p>No compartimos su informaci\u00f3n personal con terceros excepto en las siguientes situaciones:<\/p><ul><li>Con socios de confianza que nos ayudan a realizar entregas o procesar pagos, bajo estrictos acuerdos de confidencialidad.<\/li><li>Cuando lo exija la ley o las autoridades reguladoras.<\/li><li>Para proteger nuestros derechos legales, seguridad y operaciones.<\/li><\/ul><h4><span style=\"color: #000b19;\"><strong>5. Protecci\u00f3n de la informaci\u00f3n<\/strong><\/span><\/h4><p>Aplicamos medidas t\u00e9cnicas y organizativas para proteger sus datos contra el acceso no autorizado, la p\u00e9rdida o la alteraci\u00f3n. Estas medidas incluyen:<\/p><ul><li>Cifrado de datos sensibles.<\/li><li>Estrictos controles de acceso a nuestros sistemas.<\/li><li>Formaci\u00f3n de nuestro personal sobre pr\u00e1cticas de privacidad y seguridad.<\/li><\/ul><h4><span style=\"color: #000b19;\"><strong>6. Conservaci\u00f3n de datos<\/strong><\/span><\/h4><p>Conservamos su informaci\u00f3n personal s\u00f3lo durante el tiempo necesario para cumplir los fines descritos en esta Pol\u00edtica de Privacidad, a menos que la ley exija un per\u00edodo de conservaci\u00f3n m\u00e1s largo.<\/p><h4><span style=\"color: #000b19;\"><strong>7. Sus derechos<\/strong><\/span><\/h4><p>Como usuario, tiene derecho a:<\/p><ul><li>Acceder a su informaci\u00f3n personal, rectificarla o eliminarla.<\/li><li>Retirar su consentimiento para el uso de datos, cuando proceda.<\/li><\/ul><h4><span style=\"color: #000b19;\"><strong>8. Cookies y tecnolog\u00edas similares<\/strong><\/span><\/h4><p>Nuestro sitio web puede utilizar cookies para mejorar su experiencia de navegaci\u00f3n. Puede desactivar las cookies a trav\u00e9s de la configuraci\u00f3n de su navegador, pero esto puede limitar algunas funciones del sitio web.<\/p><h4><span style=\"color: #000b19;\"><strong>9. Cambios en esta pol\u00edtica<\/strong><\/span><\/h4><p>Nos reservamos el derecho de actualizar esta Pol\u00edtica de Privacidad cuando sea necesario. Las actualizaciones se publicar\u00e1n en esta p\u00e1gina con la fecha de la \u00faltima revisi\u00f3n.<\/p><h4><span style=\"color: #000b19;\"><strong>10. Contacto<\/strong><\/span><\/h4><p>Si tiene alguna pregunta sobre esta Pol\u00edtica de Privacidad o desea ejercer sus derechos, puede ponerse en contacto con nosotros en:<\/p><ul><li><strong>Correo Electr\u00f3nico:<\/strong> <a href=\"mailto:info@pimmedicalcourier.com\"><span style=\"color: #303030;\">info@pimmedicalcourier.com<\/span><\/a><\/li><\/ul>\t\t\t\t\t\t\t\t<\/div>\n\t\t\t\t<\/div>\n\t\t\t\t<\/div>\n\t\t\t\t<\/div>","protected":false},"excerpt":{"rendered":"<p>PRIVACY POLICY 1. Introduction At PIM, we are committed to protecting the privacy and security of our customers&#8217; personal information. This Privacy Policy outlines how we collect, use, share, and protect your information in connection with the medical courier services we provide. 2. Information We Collect We collect personal and contact information necessary to deliver [&hellip;]<\/p>","protected":false},"author":1,"featured_media":0,"parent":0,"menu_order":0,"comment_status":"closed","ping_status":"closed","template":"","meta":{"footnotes":""},"class_list":["post-3","page","type-page","status-publish","hentry"],"blocksy_meta":[],"_links":{"self":[{"href":"https:\/\/pimmedicalcourier.com\/es\/wp-json\/wp\/v2\/pages\/3","targetHints":{"allow":["GET"]}}],"collection":[{"href":"https:\/\/pimmedicalcourier.com\/es\/wp-json\/wp\/v2\/pages"}],"about":[{"href":"https:\/\/pimmedicalcourier.com\/es\/wp-json\/wp\/v2\/types\/page"}],"author":[{"embeddable":true,"href":"https:\/\/pimmedicalcourier.com\/es\/wp-json\/wp\/v2\/users\/1"}],"replies":[{"embeddable":true,"href":"https:\/\/pimmedicalcourier.com\/es\/wp-json\/wp\/v2\/comments?post=3"}],"version-history":[{"count":0,"href":"https:\/\/pimmedicalcourier.com\/es\/wp-json\/wp\/v2\/pages\/3\/revisions"}],"wp:attachment":[{"href":"https:\/\/pimmedicalcourier.com\/es\/wp-json\/wp\/v2\/media?parent=3"}],"curies":[{"name":"wp","href":"https:\/\/api.w.org\/{rel}","templated":true}]}}