{"id":551,"date":"2020-12-29T13:55:37","date_gmt":"2020-12-29T13:55:37","guid":{"rendered":"https:\/\/startersites.io\/elementor\/business\/?page_id=3"},"modified":"2024-12-27T14:38:02","modified_gmt":"2024-12-27T18:38:02","slug":"cookies-policy","status":"publish","type":"page","link":"https:\/\/pimmedicalcourier.com\/es\/cookies-policy\/","title":{"rendered":"Pol\u00edtica de Cookies"},"content":{"rendered":"<div data-elementor-type=\"wp-page\" data-elementor-id=\"551\" class=\"elementor elementor-551\" data-elementor-settings=\"{&quot;ha_cmc_init_switcher&quot;:&quot;no&quot;}\" data-elementor-post-type=\"page\">\n\t\t\t\t<div class=\"elementor-element elementor-element-db86d47 e-con-full e-flex e-con e-parent\" data-id=\"db86d47\" data-element_type=\"container\" data-settings=\"{&quot;background_background&quot;:&quot;classic&quot;,&quot;_ha_eqh_enable&quot;:false}\">\n\t\t\t\t<div class=\"elementor-element elementor-element-efb934f elementor-widget elementor-widget-heading\" data-id=\"efb934f\" data-element_type=\"widget\" data-widget_type=\"heading.default\">\n\t\t\t\t<div class=\"elementor-widget-container\">\n\t\t\t\t\t<h2 class=\"elementor-heading-title elementor-size-default\">POL\u00cdTICA DE COOKIES<\/h2>\t\t\t\t<\/div>\n\t\t\t\t<\/div>\n\t\t\t\t<\/div>\n\t\t<div class=\"elementor-element elementor-element-4cb043fd e-con-full e-flex e-con e-parent\" data-id=\"4cb043fd\" data-element_type=\"container\" data-settings=\"{&quot;_ha_eqh_enable&quot;:false}\">\n\t\t\t\t<div class=\"elementor-element elementor-element-32a3cdfa elementor-widget elementor-widget-text-editor\" data-id=\"32a3cdfa\" data-element_type=\"widget\" data-widget_type=\"text-editor.default\">\n\t\t\t\t<div class=\"elementor-widget-container\">\n\t\t\t\t\t\t\t\t\t<h4><span style=\"color: #000b19;\"><strong>1. Introducci\u00f3n<\/strong><\/span><\/h4><p>En <strong>PIM<\/strong>, utilizamos cookies y tecnolog\u00edas similares para mejorar su experiencia de navegaci\u00f3n en nuestro sitio web y ofrecerle servicios personalizados. Esta Pol\u00edtica de Cookies explica qu\u00e9 son las cookies, c\u00f3mo las utilizamos y sus opciones con respecto a su uso.<\/p><h4><span style=\"color: #000b19;\"><strong>2. \u00bfQu\u00e9 son las cookies?<\/strong><\/span><\/h4><p>Las cookies son peque\u00f1os archivos de texto que se almacenan en su dispositivo (ordenador, smartphone o tableta) cuando visita un sitio web. Ayudan a que los sitios web funcionen de forma eficiente, recuerdan las preferencias del usuario y recopilan informaci\u00f3n sobre su comportamiento.<\/p><h4><span style=\"color: #000b19;\"><strong>3. Tipos de cookies que utilizamos<\/strong><\/span><\/h4><ul><li><p><strong>Cookies estrictamente necesarias:<\/strong><br \/>Estas cookies son esenciales para que el sitio web funcione correctamente. Permiten funciones b\u00e1sicas como el inicio de sesi\u00f3n seguro y la navegaci\u00f3n. Sin ellas, no se pueden prestar determinados servicios.<\/p><\/li><li><p><strong>Cookies de rendimiento:<\/strong><br \/>Estas cookies recopilan informaci\u00f3n an\u00f3nima sobre c\u00f3mo los visitantes utilizan nuestro sitio web, por ejemplo, qu\u00e9 p\u00e1ginas se visitan con m\u00e1s frecuencia. Esto nos ayuda a mejorar la funcionalidad y el rendimiento de nuestro sitio.<\/p><\/li><li><p><strong>Cookies de funcionalidad:<\/strong><br \/>Estas cookies recuerdan sus preferencias, como la configuraci\u00f3n de idioma o los datos de acceso, para ofrecerle una experiencia m\u00e1s personalizada.<\/p><\/li><li><p><strong>Cookies de segmentaci\u00f3n\/publicidad:<\/strong><br \/>Estas cookies rastrean sus h\u00e1bitos de navegaci\u00f3n para ofrecerle anuncios relevantes. Tambi\u00e9n pueden limitar el n\u00famero de veces que ve un anuncio y medir su eficacia.<\/p><\/li><\/ul><h4><span style=\"color: #000b19;\"><strong>4. C\u00f3mo utilizamos las cookies<\/strong><\/span><\/h4><p>Utilizamos cookies para:<\/p><ul><li>Garantizar el correcto funcionamiento de nuestro sitio web.<\/li><li>Analizar y mejorar el rendimiento del sitio web.<\/li><li>Recuerde sus preferencias para una experiencia personalizada.<\/li><li>Ofrecer anuncios relevantes basados en su historial de navegaci\u00f3n.<\/li><\/ul><h4><span style=\"color: #000b19;\"><strong>5. Cookies de terceros<\/strong><\/span><\/h4><p>Podemos permitir que servicios de terceros de confianza, como proveedores de an\u00e1lisis o redes publicitarias, coloquen cookies en su dispositivo. Estas cookies est\u00e1n sujetas a las respectivas pol\u00edticas de privacidad de terceros.<\/p><h4><span style=\"color: #000b19;\"><strong>6. Gesti\u00f3n de sus preferencias de cookies<\/strong><\/span><\/h4><p>Puede gestionar o desactivar las cookies a trav\u00e9s de la configuraci\u00f3n de su navegador. Tenga en cuenta que el bloqueo de determinados tipos de cookies puede afectar a la funcionalidad de nuestro sitio web.<\/p><p><strong>A continuaci\u00f3n se explica c\u00f3mo gestionar las cookies en los navegadores m\u00e1s comunes:<\/strong><\/p><ul><li>Google Chrome: <a href=\"https:\/\/support.google.com\/chrome\/answer\/95647?hl=en&amp;co=GENIE.Platform%3DDesktop\" target=\"_blank\" rel=\"noopener\">[link to Chrome cookie management guide]<\/a><\/li><li>Mozilla Firefox: <a href=\"https:\/\/support.mozilla.org\/en-US\/kb\/clear-cookies-and-site-data-firefox\" target=\"_blank\" rel=\"noopener\">[link to Firefox cookie management guide]<\/a><\/li><li>Safari: <a href=\"https:\/\/support.apple.com\/en-is\/guide\/safari\/sfri11471\/16.0\/mac\/11.0\" target=\"_blank\" rel=\"noopener\">[link to Safari cookie management guide]<\/a><\/li><li>Microsoft Edge: <a href=\"https:\/\/support.microsoft.com\/en-us\/windows\/manage-cookies-in-microsoft-edge-view-allow-block-delete-and-use-168dab11-0753-043d-7c16-ede5947fc64d\" target=\"_blank\" rel=\"noopener\">[link to Edge cookie management guide]<\/a><\/li><\/ul><h4><span style=\"color: #000b19;\"><strong>7. Cambios en la presente pol\u00edtica de cookies<\/strong><\/span><\/h4><p>Podemos actualizar esta Pol\u00edtica de Cookies de vez en cuando para reflejar los cambios en la tecnolog\u00eda, la normativa o nuestras pr\u00e1cticas. La \u00faltima versi\u00f3n estar\u00e1 siempre disponible en esta p\u00e1gina.<\/p><h4><span style=\"color: #000b19;\"><strong>8. Contacto<\/strong><\/span><\/h4><p>Si tiene preguntas o dudas sobre esta Pol\u00edtica de Cookies, p\u00f3ngase en contacto con nosotros en:<\/p><ul><li><strong>Correo Electr\u00f3nico:<\/strong> <a href=\"mailto:info@pimmedicalcourier.com\"><span style=\"color: #303030;\">info@pimmedicalcourier.com<\/span><\/a><\/li><\/ul>\t\t\t\t\t\t\t\t<\/div>\n\t\t\t\t<\/div>\n\t\t\t\t<\/div>\n\t\t\t\t<\/div>","protected":false},"excerpt":{"rendered":"<p>COOKIES POLICY 1. Introduction At PIM, we use cookies and similar technologies to enhance your browsing experience on our website and provide you with personalized services. This Cookie Policy explains what cookies are, how we use them, and your choices regarding their use. 2. What Are Cookies? Cookies are small text files stored on your [&hellip;]<\/p>","protected":false},"author":1,"featured_media":0,"parent":0,"menu_order":0,"comment_status":"closed","ping_status":"closed","template":"","meta":{"footnotes":""},"class_list":["post-551","page","type-page","status-publish","hentry"],"blocksy_meta":[],"_links":{"self":[{"href":"https:\/\/pimmedicalcourier.com\/es\/wp-json\/wp\/v2\/pages\/551","targetHints":{"allow":["GET"]}}],"collection":[{"href":"https:\/\/pimmedicalcourier.com\/es\/wp-json\/wp\/v2\/pages"}],"about":[{"href":"https:\/\/pimmedicalcourier.com\/es\/wp-json\/wp\/v2\/types\/page"}],"author":[{"embeddable":true,"href":"https:\/\/pimmedicalcourier.com\/es\/wp-json\/wp\/v2\/users\/1"}],"replies":[{"embeddable":true,"href":"https:\/\/pimmedicalcourier.com\/es\/wp-json\/wp\/v2\/comments?post=551"}],"version-history":[{"count":0,"href":"https:\/\/pimmedicalcourier.com\/es\/wp-json\/wp\/v2\/pages\/551\/revisions"}],"wp:attachment":[{"href":"https:\/\/pimmedicalcourier.com\/es\/wp-json\/wp\/v2\/media?parent=551"}],"curies":[{"name":"wp","href":"https:\/\/api.w.org\/{rel}","templated":true}]}}