{"id":552,"date":"2020-08-14T13:27:11","date_gmt":"2020-08-14T13:27:11","guid":{"rendered":"https:\/\/startersites.io\/blocksy\/business\/?page_id=3"},"modified":"2024-12-27T14:36:38","modified_gmt":"2024-12-27T18:36:38","slug":"terms-conditions","status":"publish","type":"page","link":"https:\/\/pimmedicalcourier.com\/es\/terms-conditions\/","title":{"rendered":"T\u00e9rminos &amp; Condiciones"},"content":{"rendered":"<div data-elementor-type=\"wp-page\" data-elementor-id=\"552\" class=\"elementor elementor-552\" data-elementor-settings=\"{&quot;ha_cmc_init_switcher&quot;:&quot;no&quot;}\" data-elementor-post-type=\"page\">\n\t\t\t\t<div class=\"elementor-element elementor-element-17b8f92 e-con-full e-flex e-con e-parent\" data-id=\"17b8f92\" data-element_type=\"container\" data-settings=\"{&quot;background_background&quot;:&quot;classic&quot;,&quot;_ha_eqh_enable&quot;:false}\">\n\t\t\t\t<div class=\"elementor-element elementor-element-333507a elementor-widget elementor-widget-heading\" data-id=\"333507a\" data-element_type=\"widget\" data-widget_type=\"heading.default\">\n\t\t\t\t<div class=\"elementor-widget-container\">\n\t\t\t\t\t<h2 class=\"elementor-heading-title elementor-size-default\">T\u00c9RMINOS &amp; CONDICIONES<\/h2>\t\t\t\t<\/div>\n\t\t\t\t<\/div>\n\t\t\t\t<\/div>\n\t\t<div class=\"elementor-element elementor-element-306dfc4a e-con-full e-flex e-con e-parent\" data-id=\"306dfc4a\" data-element_type=\"container\" data-settings=\"{&quot;_ha_eqh_enable&quot;:false}\">\n\t\t\t\t<div class=\"elementor-element elementor-element-2873183c elementor-widget elementor-widget-text-editor\" data-id=\"2873183c\" data-element_type=\"widget\" data-widget_type=\"text-editor.default\">\n\t\t\t\t<div class=\"elementor-widget-container\">\n\t\t\t\t\t\t\t\t\t<h4><span style=\"color: #000b19;\"><strong>1. Introducci\u00f3n<\/strong><\/span><\/h4><p>\u00a1Bienvenido a PIM Medical Courier! Al acceder o utilizar nuestros servicios, acepta quedar vinculado por las presentes Condiciones Generales. Por favor, l\u00e9alos atentamente, ya que describen sus derechos y responsabilidades al utilizar nuestro sitio web y nuestros servicios.<\/p><h4><span style=\"color: #000b19;\"><strong>2. Servicios ofrecidos<\/strong><\/span><\/h4><p>PIM Medical Courier se especializa en servicios de mensajer\u00eda m\u00e9dica, garantizando el transporte seguro y puntual de suministros y documentos m\u00e9dicos. Todos los servicios est\u00e1n sujetos a disponibilidad y al cumplimiento de estas Condiciones.<\/p><p>Escr\u00edbanos a <a href=\"mailto:info@pimmedicalcourier.com\">info@pimmedicalcourier.com<\/a><\/p><h4><span style=\"color: #000b19;\"><strong>3. Responsabilidades del usuario<\/strong><\/span><\/h4><p>Al utilizar nuestros servicios, usted acepta:<\/p><ul><li>Proporcionar informaci\u00f3n precisa y completa para las recogidas y entregas.<\/li><li>Aseg\u00farese de que todos los art\u00edculos para el transporte cumplen la normativa legal y de seguridad.<\/li><li>Abstenerse de utilizar nuestros servicios con fines il\u00edcitos.<\/li><\/ul><h4><span style=\"color: #000b19;\"><strong>4. Limitaciones del servicio<\/strong><\/span><\/h4><p>Nos esforzamos por entregar a tiempo, pero ciertas circunstancias como el clima, el tr\u00e1fico o eventos imprevistos pueden causar retrasos. PIM Medical Courier no se hace responsable de los retrasos fuera de nuestro control razonable.<\/p><h4><span style=\"color: #000b19;\"><strong>5. Condiciones de pago<\/strong><\/span><\/h4><p>El pago de los servicios debe efectuarse seg\u00fan las condiciones acordadas. El retraso en los pagos puede dar lugar a la suspensi\u00f3n del servicio o a cargos adicionales.<\/p><h4><span style=\"color: #000b19;\"><strong>6. Privacidad y uso de datos<\/strong><\/span><\/h4><p>El uso que hacemos de sus datos se rige por nuestra Pol\u00edtica de privacidad. Al utilizar nuestros servicios, usted acepta la recogida y el uso de su informaci\u00f3n tal y como se describe en la misma.<\/p><h4><span style=\"color: #000b19;\"><strong>7. Responsabilidad<\/strong><\/span><\/h4><p>PIM Medical Courier no se responsabiliza de ninguna p\u00e9rdida o da\u00f1o de los art\u00edculos transportados, a menos que se haya acordado expl\u00edcitamente en un contrato por escrito. La responsabilidad se limita al valor declarado, con sujeci\u00f3n a la legislaci\u00f3n aplicable.<\/p><h4><span style=\"color: #000b19;\"><strong>8. Modificaciones de las condiciones<\/strong><\/span><\/h4><p>Es posible que actualicemos estas Condiciones Generales de vez en cuando. La \u00faltima versi\u00f3n estar\u00e1 disponible en nuestro sitio web y regir\u00e1 el uso que usted haga de nuestros servicios.<\/p><h4><span style=\"color: #000b19;\"><strong>9. Informaci\u00f3n de contacto<\/strong><\/span><\/h4><p>Si tiene preguntas sobre estas Condiciones, p\u00f3ngase en contacto con nosotros:<\/p><ul><li><strong>Correo Electr\u00f3nico:<\/strong> <span style=\"color: #303030;\"><a style=\"color: #303030;\" href=\"mailto:info@pimmedicalcourier.com\" rel=\"noopener\">info@pimmedicalcourier.com<\/a><\/span><\/li><\/ul>\t\t\t\t\t\t\t\t<\/div>\n\t\t\t\t<\/div>\n\t\t\t\t<\/div>\n\t\t\t\t<\/div>","protected":false},"excerpt":{"rendered":"<p>TERMS &amp; CONDITIONS 1. Introduction Welcome to PIM Medical Courier! By accessing or using our services, you agree to be bound by these Terms and Conditions. Please read them carefully, as they outline your rights and responsibilities when using our website and services. 2. Services Offered PIM Medical Courier specializes in medical courier services, ensuring [&hellip;]<\/p>","protected":false},"author":1,"featured_media":0,"parent":0,"menu_order":0,"comment_status":"closed","ping_status":"closed","template":"","meta":{"footnotes":""},"class_list":["post-552","page","type-page","status-publish","hentry"],"blocksy_meta":[],"_links":{"self":[{"href":"https:\/\/pimmedicalcourier.com\/es\/wp-json\/wp\/v2\/pages\/552","targetHints":{"allow":["GET"]}}],"collection":[{"href":"https:\/\/pimmedicalcourier.com\/es\/wp-json\/wp\/v2\/pages"}],"about":[{"href":"https:\/\/pimmedicalcourier.com\/es\/wp-json\/wp\/v2\/types\/page"}],"author":[{"embeddable":true,"href":"https:\/\/pimmedicalcourier.com\/es\/wp-json\/wp\/v2\/users\/1"}],"replies":[{"embeddable":true,"href":"https:\/\/pimmedicalcourier.com\/es\/wp-json\/wp\/v2\/comments?post=552"}],"version-history":[{"count":0,"href":"https:\/\/pimmedicalcourier.com\/es\/wp-json\/wp\/v2\/pages\/552\/revisions"}],"wp:attachment":[{"href":"https:\/\/pimmedicalcourier.com\/es\/wp-json\/wp\/v2\/media?parent=552"}],"curies":[{"name":"wp","href":"https:\/\/api.w.org\/{rel}","templated":true}]}}